{"id":231,"date":"2020-01-22T21:05:44","date_gmt":"2020-01-22T21:05:44","guid":{"rendered":"https:\/\/xion.progressionstudios.com\/?page_id=31"},"modified":"2026-02-06T21:48:55","modified_gmt":"2026-02-06T20:48:55","slug":"our-studio","status":"publish","type":"page","link":"https:\/\/hexleaf.studio\/en\/our-studio\/","title":{"rendered":"Our Studio"},"content":{"rendered":"<div data-elementor-type=\"wp-page\" data-elementor-id=\"231\" class=\"elementor elementor-231\">\n\t\t\t\t\t\t<section class=\"elementor-section elementor-top-section elementor-element elementor-element-5d34a124 elementor-section-boxed elementor-section-height-default elementor-section-height-default\" data-id=\"5d34a124\" data-element_type=\"section\" data-e-type=\"section\" data-settings=\"{&quot;background_background&quot;:&quot;classic&quot;}\">\n\t\t\t\t\t\t<div class=\"elementor-container elementor-column-gap-default\">\n\t\t\t\t\t<div class=\"elementor-column elementor-col-50 elementor-top-column elementor-element elementor-element-275a3f82\" data-id=\"275a3f82\" data-element_type=\"column\" data-e-type=\"column\">\n\t\t\t<div class=\"elementor-widget-wrap elementor-element-populated\">\n\t\t\t\t\t\t<div class=\"elementor-element elementor-element-6281264 elementor-widget elementor-widget-heading\" data-id=\"6281264\" data-element_type=\"widget\" data-e-type=\"widget\" data-widget_type=\"heading.default\">\n\t\t\t\t\t<h2 class=\"elementor-heading-title elementor-size-default\">OUR PHILOSOPHY<\/h2>\t\t\t\t<\/div>\n\t\t\t\t<div class=\"elementor-element elementor-element-2d1daaae elementor-widget elementor-widget-heading\" data-id=\"2d1daaae\" data-element_type=\"widget\" data-e-type=\"widget\" data-widget_type=\"heading.default\">\n\t\t\t\t\t<h5 class=\"elementor-heading-title elementor-size-default\">HexLeaf Studio stands for thoughtful gameplay, clear mechanics, and distinctive worlds.\nEvery project begins with a central idea and the question of how decisions, systems, and game feel meaningfully interact.<\/h5>\t\t\t\t<\/div>\n\t\t\t\t<div class=\"elementor-element elementor-element-570f0ef0 elementor-widget elementor-widget-text-editor\" data-id=\"570f0ef0\" data-element_type=\"widget\" data-e-type=\"widget\" data-widget_type=\"text-editor.default\">\n\t\t\t\t\t\t\t\t\t<p>The goal is to create games that challenge and reward players \u2014 and don\u2019t reveal everything after just a few hours.<\/p>\t\t\t\t\t\t\t\t<\/div>\n\t\t\t\t\t<\/div>\n\t\t<\/div>\n\t\t\t\t<div class=\"elementor-column elementor-col-50 elementor-top-column elementor-element elementor-element-d792e4\" data-id=\"d792e4\" data-element_type=\"column\" data-e-type=\"column\">\n\t\t\t<div class=\"elementor-widget-wrap\">\n\t\t\t\t\t\t\t<\/div>\n\t\t<\/div>\n\t\t\t\t\t<\/div>\n\t\t<\/section>\n\t\t\t\t<section class=\"elementor-section elementor-top-section elementor-element elementor-element-257df35b elementor-section-boxed elementor-section-height-default elementor-section-height-default\" data-id=\"257df35b\" data-element_type=\"section\" data-e-type=\"section\" id=\"overlay-title-progression\">\n\t\t\t\t\t\t<div class=\"elementor-container elementor-column-gap-default\">\n\t\t\t\t\t<div class=\"elementor-column elementor-col-100 elementor-top-column elementor-element elementor-element-5da0655c\" data-id=\"5da0655c\" data-element_type=\"column\" data-e-type=\"column\">\n\t\t\t<div class=\"elementor-widget-wrap elementor-element-populated\">\n\t\t\t\t\t\t<div class=\"elementor-element elementor-element-55eb888a text-outline elementor-widget elementor-widget-heading\" data-id=\"55eb888a\" data-element_type=\"widget\" data-e-type=\"widget\" data-widget_type=\"heading.default\">\n\t\t\t\t\t<h2 class=\"elementor-heading-title elementor-size-default\">Kreativ<\/h2>\t\t\t\t<\/div>\n\t\t\t\t<div class=\"elementor-element elementor-element-6b09ec95 elementor-widget elementor-widget-heading\" data-id=\"6b09ec95\" data-element_type=\"widget\" data-e-type=\"widget\" data-widget_type=\"heading.default\">\n\t\t\t\t\t<h2 class=\"elementor-heading-title elementor-size-default\">Innovativ<\/h2>\t\t\t\t<\/div>\n\t\t\t\t<div class=\"elementor-element elementor-element-405c1715 elementor-widget elementor-widget-heading\" data-id=\"405c1715\" data-element_type=\"widget\" data-e-type=\"widget\" data-widget_type=\"heading.default\">\n\t\t\t\t\t<h2 class=\"elementor-heading-title elementor-size-default\">Leidenschaft<\/h2>\t\t\t\t<\/div>\n\t\t\t\t\t<\/div>\n\t\t<\/div>\n\t\t\t\t\t<\/div>\n\t\t<\/section>\n\t\t\t\t<section class=\"elementor-section elementor-top-section elementor-element elementor-element-5e66f176 elementor-section-content-middle elementor-reverse-mobile elementor-section-boxed elementor-section-height-default elementor-section-height-default\" data-id=\"5e66f176\" data-element_type=\"section\" data-e-type=\"section\">\n\t\t\t\t\t\t<div class=\"elementor-container elementor-column-gap-default\">\n\t\t\t\t\t<div class=\"elementor-column elementor-col-50 elementor-top-column elementor-element elementor-element-363c6e34\" data-id=\"363c6e34\" data-element_type=\"column\" data-e-type=\"column\">\n\t\t\t<div class=\"elementor-widget-wrap elementor-element-populated\">\n\t\t\t\t\t\t<div class=\"elementor-element elementor-element-3a04dbe0 elementor-widget elementor-widget-image\" data-id=\"3a04dbe0\" data-element_type=\"widget\" data-e-type=\"widget\" data-widget_type=\"image.default\">\n\t\t\t\t\t\t\t\t\t\t\t\t<figure class=\"wp-caption\">\n\t\t\t\t\t\t\t\t\t\t<img fetchpriority=\"high\" decoding=\"async\" width=\"1024\" height=\"765\" src=\"https:\/\/hexleaf.studio\/wp-content\/uploads\/2026\/02\/Innovationsbild1b-1-1024x765.png\" class=\"attachment-large size-large wp-image-406\" alt=\"Bannerrush Trigger Image\" srcset=\"https:\/\/hexleaf.studio\/wp-content\/uploads\/2026\/02\/Innovationsbild1b-1-1024x765.png 1024w, https:\/\/hexleaf.studio\/wp-content\/uploads\/2026\/02\/Innovationsbild1b-1-300x224.png 300w, https:\/\/hexleaf.studio\/wp-content\/uploads\/2026\/02\/Innovationsbild1b-1-768x573.png 768w, https:\/\/hexleaf.studio\/wp-content\/uploads\/2026\/02\/Innovationsbild1b-1-1536x1147.png 1536w, https:\/\/hexleaf.studio\/wp-content\/uploads\/2026\/02\/Innovationsbild1b-1-2048x1529.png 2048w, https:\/\/hexleaf.studio\/wp-content\/uploads\/2026\/02\/Innovationsbild1b-1-16x12.png 16w, https:\/\/hexleaf.studio\/wp-content\/uploads\/2026\/02\/Innovationsbild1b-1-600x448.png 600w\" sizes=\"(max-width: 1024px) 100vw, 1024px\" \/>\t\t\t\t\t\t\t\t\t\t\t<figcaption class=\"widget-image-caption wp-caption-text\">Previewbild von Bannerrush<\/figcaption>\n\t\t\t\t\t\t\t\t\t\t<\/figure>\n\t\t\t\t\t\t\t\t\t<\/div>\n\t\t\t\t\t<\/div>\n\t\t<\/div>\n\t\t\t\t<div class=\"elementor-column elementor-col-50 elementor-top-column elementor-element elementor-element-47112374\" data-id=\"47112374\" data-element_type=\"column\" data-e-type=\"column\">\n\t\t\t<div class=\"elementor-widget-wrap elementor-element-populated\">\n\t\t\t\t\t\t<div class=\"elementor-element elementor-element-5fc6aafc elementor-widget__width-auto elementor-widget elementor-widget-heading\" data-id=\"5fc6aafc\" data-element_type=\"widget\" data-e-type=\"widget\" data-widget_type=\"heading.default\">\n\t\t\t\t\t<h2 class=\"elementor-heading-title elementor-size-default\">1<\/h2>\t\t\t\t<\/div>\n\t\t\t\t<div class=\"elementor-element elementor-element-5b05f151 elementor-widget elementor-widget-heading\" data-id=\"5b05f151\" data-element_type=\"widget\" data-e-type=\"widget\" data-widget_type=\"heading.default\">\n\t\t\t\t\t<h2 class=\"elementor-heading-title elementor-size-default\">Thoughtful Gameplay<\/h2>\t\t\t\t<\/div>\n\t\t\t\t<div class=\"elementor-element elementor-element-5f7f981 elementor-widget elementor-widget-text-editor\" data-id=\"5f7f981\" data-element_type=\"widget\" data-e-type=\"widget\" data-widget_type=\"text-editor.default\">\n\t\t\t\t\t\t\t\t\t<p>Game mechanics are never random.\nEvery decision, every system, and every rule serves a clear purpose \u2014 creating tension, depth, and long-term engagement.<\/p>\t\t\t\t\t\t\t\t<\/div>\n\t\t\t\t<div class=\"elementor-element elementor-element-1ddc6b7 elementor-widget__width-auto elementor-widget elementor-widget-heading\" data-id=\"1ddc6b7\" data-element_type=\"widget\" data-e-type=\"widget\" data-widget_type=\"heading.default\">\n\t\t\t\t\t<h2 class=\"elementor-heading-title elementor-size-default\">2<\/h2>\t\t\t\t<\/div>\n\t\t\t\t<div class=\"elementor-element elementor-element-650559c8 elementor-widget elementor-widget-heading\" data-id=\"650559c8\" data-element_type=\"widget\" data-e-type=\"widget\" data-widget_type=\"heading.default\">\n\t\t\t\t\t<h2 class=\"elementor-heading-title elementor-size-default\">Distinct Game Systems<\/h2>\t\t\t\t<\/div>\n\t\t\t\t<div class=\"elementor-element elementor-element-4f5d9689 elementor-widget elementor-widget-text-editor\" data-id=\"4f5d9689\" data-element_type=\"widget\" data-e-type=\"widget\" data-widget_type=\"text-editor.default\">\n\t\t\t\t\t\t\t\t\t<p>Instead of copying trends, we build original concepts with character.\nSystems interlock, evolve over time, and give players real agency in how they play.<\/p>\t\t\t\t\t\t\t\t<\/div>\n\t\t\t\t\t<\/div>\n\t\t<\/div>\n\t\t\t\t\t<\/div>\n\t\t<\/section>\n\t\t\t\t<section class=\"elementor-section elementor-top-section elementor-element elementor-element-5c61f429 elementor-section-content-middle elementor-section-boxed elementor-section-height-default elementor-section-height-default\" data-id=\"5c61f429\" data-element_type=\"section\" data-e-type=\"section\">\n\t\t\t\t\t\t<div class=\"elementor-container elementor-column-gap-default\">\n\t\t\t\t\t<div class=\"elementor-column elementor-col-50 elementor-top-column elementor-element elementor-element-76348333\" data-id=\"76348333\" data-element_type=\"column\" data-e-type=\"column\">\n\t\t\t<div class=\"elementor-widget-wrap elementor-element-populated\">\n\t\t\t\t\t\t<div class=\"elementor-element elementor-element-9230f7c elementor-widget__width-auto elementor-widget elementor-widget-heading\" data-id=\"9230f7c\" data-element_type=\"widget\" data-e-type=\"widget\" data-widget_type=\"heading.default\">\n\t\t\t\t\t<h2 class=\"elementor-heading-title elementor-size-default\">3<\/h2>\t\t\t\t<\/div>\n\t\t\t\t<div class=\"elementor-element elementor-element-2ab6a872 elementor-widget elementor-widget-heading\" data-id=\"2ab6a872\" data-element_type=\"widget\" data-e-type=\"widget\" data-widget_type=\"heading.default\">\n\t\t\t\t\t<h2 class=\"elementor-heading-title elementor-size-default\">Iteration Over Shortcuts<\/h2>\t\t\t\t<\/div>\n\t\t\t\t<div class=\"elementor-element elementor-element-4b6f6b16 elementor-widget elementor-widget-text-editor\" data-id=\"4b6f6b16\" data-element_type=\"widget\" data-e-type=\"widget\" data-widget_type=\"text-editor.default\">\n\t\t\t\t\t\t\t\t\t<p>Games are shaped through making.\nPrototypes are tested, discarded, and refined \u2014 until mechanics feel right and decisions truly matter.<\/p>\t\t\t\t\t\t\t\t<\/div>\n\t\t\t\t<div class=\"elementor-element elementor-element-1e5dece5 elementor-widget__width-auto elementor-widget elementor-widget-heading\" data-id=\"1e5dece5\" data-element_type=\"widget\" data-e-type=\"widget\" data-widget_type=\"heading.default\">\n\t\t\t\t\t<h2 class=\"elementor-heading-title elementor-size-default\">4<\/h2>\t\t\t\t<\/div>\n\t\t\t\t<div class=\"elementor-element elementor-element-344360a6 elementor-widget elementor-widget-heading\" data-id=\"344360a6\" data-element_type=\"widget\" data-e-type=\"widget\" data-widget_type=\"heading.default\">\n\t\t\t\t\t<h2 class=\"elementor-heading-title elementor-size-default\">From Idea to Release<\/h2>\t\t\t\t<\/div>\n\t\t\t\t<div class=\"elementor-element elementor-element-17bf8f53 elementor-widget elementor-widget-text-editor\" data-id=\"17bf8f53\" data-element_type=\"widget\" data-e-type=\"widget\" data-widget_type=\"text-editor.default\">\n\t\t\t\t\t\t\t\t\t<p>Development doesn\u2019t stop at gameplay. Store pages, presentations, funding applications, and market readiness are an integral part of the process \u2014 from day one.<\/p>\t\t\t\t\t\t\t\t<\/div>\n\t\t\t\t\t<\/div>\n\t\t<\/div>\n\t\t\t\t<div class=\"elementor-column elementor-col-50 elementor-top-column elementor-element elementor-element-3dc5b36d\" data-id=\"3dc5b36d\" data-element_type=\"column\" data-e-type=\"column\">\n\t\t\t<div class=\"elementor-widget-wrap elementor-element-populated\">\n\t\t\t\t\t\t<div class=\"elementor-element elementor-element-7baa549f elementor-widget elementor-widget-image\" data-id=\"7baa549f\" data-element_type=\"widget\" data-e-type=\"widget\" data-widget_type=\"image.default\">\n\t\t\t\t\t\t\t\t\t\t\t\t<figure class=\"wp-caption\">\n\t\t\t\t\t\t\t\t\t\t<img decoding=\"async\" src=\"https:\/\/hexleaf.studio\/wp-content\/uploads\/2026\/02\/Innovationsbild2a.png\" title=\"\" alt=\"\" loading=\"lazy\" \/>\t\t\t\t\t\t\t\t\t\t\t<figcaption class=\"widget-image-caption wp-caption-text\">Eruhn Preview Image<\/figcaption>\n\t\t\t\t\t\t\t\t\t\t<\/figure>\n\t\t\t\t\t\t\t\t\t<\/div>\n\t\t\t\t\t<\/div>\n\t\t<\/div>\n\t\t\t\t\t<\/div>\n\t\t<\/section>\n\t\t\t\t<section class=\"elementor-section elementor-top-section elementor-element elementor-element-5c5e47d elementor-section-boxed elementor-section-height-default elementor-section-height-default\" data-id=\"5c5e47d\" data-element_type=\"section\" data-e-type=\"section\">\n\t\t\t\t\t\t<div class=\"elementor-container elementor-column-gap-default\">\n\t\t\t\t\t<div class=\"elementor-column elementor-col-100 elementor-top-column elementor-element elementor-element-3e932bb3\" data-id=\"3e932bb3\" data-element_type=\"column\" data-e-type=\"column\">\n\t\t\t<div class=\"elementor-widget-wrap elementor-element-populated\">\n\t\t\t\t\t\t<div class=\"elementor-element elementor-element-70fd56c elementor-widget elementor-widget-heading\" data-id=\"70fd56c\" data-element_type=\"widget\" data-e-type=\"widget\" data-widget_type=\"heading.default\">\n\t\t\t\t\t<h2 class=\"elementor-heading-title elementor-size-default\">Meet the Team<\/h2>\t\t\t\t<\/div>\n\t\t\t\t<div class=\"elementor-element elementor-element-67749954 elementor-widget-divider--view-line elementor-widget elementor-widget-divider\" data-id=\"67749954\" data-element_type=\"widget\" data-e-type=\"widget\" data-widget_type=\"divider.default\">\n\t\t\t\t\t\t\t<div class=\"elementor-divider\">\n\t\t\t<span class=\"elementor-divider-separator\">\n\t\t\t\t\t\t<\/span>\n\t\t<\/div>\n\t\t\t\t\t\t<\/div>\n\t\t\t\t\t<\/div>\n\t\t<\/div>\n\t\t\t\t\t<\/div>\n\t\t<\/section>\n\t\t\t\t<section class=\"elementor-section elementor-top-section elementor-element elementor-element-104203e4 elementor-section-boxed elementor-section-height-default elementor-section-height-default\" data-id=\"104203e4\" data-element_type=\"section\" data-e-type=\"section\">\n\t\t\t\t\t\t<div class=\"elementor-container elementor-column-gap-default\">\n\t\t\t\t\t<div class=\"elementor-column elementor-col-33 elementor-top-column elementor-element elementor-element-5674faa\" data-id=\"5674faa\" data-element_type=\"column\" data-e-type=\"column\" data-settings=\"{&quot;background_background&quot;:&quot;classic&quot;}\">\n\t\t\t<div class=\"elementor-widget-wrap\">\n\t\t\t\t\t\t\t<\/div>\n\t\t<\/div>\n\t\t\t\t<div class=\"elementor-column elementor-col-33 elementor-top-column elementor-element elementor-element-7b331b67\" data-id=\"7b331b67\" data-element_type=\"column\" data-e-type=\"column\">\n\t\t\t<div class=\"elementor-widget-wrap elementor-element-populated\">\n\t\t\t\t\t\t<section class=\"elementor-section elementor-inner-section elementor-element elementor-element-2f858ccd elementor-section-boxed elementor-section-height-default elementor-section-height-default\" data-id=\"2f858ccd\" data-element_type=\"section\" data-e-type=\"section\" data-settings=\"{&quot;background_background&quot;:&quot;classic&quot;}\">\n\t\t\t\t\t\t<div class=\"elementor-container elementor-column-gap-no\">\n\t\t\t\t\t<div class=\"elementor-column elementor-col-100 elementor-inner-column elementor-element elementor-element-5a879d37\" data-id=\"5a879d37\" data-element_type=\"column\" data-e-type=\"column\">\n\t\t\t<div class=\"elementor-widget-wrap elementor-element-populated\">\n\t\t\t\t\t\t<div class=\"elementor-element elementor-element-69c0c77d elementor-widget elementor-widget-image\" data-id=\"69c0c77d\" data-element_type=\"widget\" data-e-type=\"widget\" data-widget_type=\"image.default\">\n\t\t\t\t\t\t\t\t\t\t\t\t\t\t\t<img decoding=\"async\" width=\"768\" height=\"983\" src=\"https:\/\/hexleaf.studio\/wp-content\/uploads\/2026\/02\/WP_ImageA_Blacked-768x983.png\" class=\"attachment-medium_large size-medium_large wp-image-492\" alt=\"Founder of HexLeaf Studio\" srcset=\"https:\/\/hexleaf.studio\/wp-content\/uploads\/2026\/02\/WP_ImageA_Blacked-768x983.png 768w, https:\/\/hexleaf.studio\/wp-content\/uploads\/2026\/02\/WP_ImageA_Blacked-234x300.png 234w, https:\/\/hexleaf.studio\/wp-content\/uploads\/2026\/02\/WP_ImageA_Blacked-800x1024.png 800w, https:\/\/hexleaf.studio\/wp-content\/uploads\/2026\/02\/WP_ImageA_Blacked-1200x1536.png 1200w, https:\/\/hexleaf.studio\/wp-content\/uploads\/2026\/02\/WP_ImageA_Blacked-9x12.png 9w, https:\/\/hexleaf.studio\/wp-content\/uploads\/2026\/02\/WP_ImageA_Blacked-600x768.png 600w, https:\/\/hexleaf.studio\/wp-content\/uploads\/2026\/02\/WP_ImageA_Blacked.png 1400w\" sizes=\"(max-width: 768px) 100vw, 768px\" \/>\t\t\t\t\t\t\t\t\t\t\t\t\t\t\t<\/div>\n\t\t\t\t<div class=\"elementor-element elementor-element-1036f94e elementor-widget elementor-widget-heading\" data-id=\"1036f94e\" data-element_type=\"widget\" data-e-type=\"widget\" data-widget_type=\"heading.default\">\n\t\t\t\t\t<h2 class=\"elementor-heading-title elementor-size-default\">Tommy<\/h2>\t\t\t\t<\/div>\n\t\t\t\t<div class=\"elementor-element elementor-element-2eeb6b83 elementor-widget elementor-widget-heading\" data-id=\"2eeb6b83\" data-element_type=\"widget\" data-e-type=\"widget\" data-widget_type=\"heading.default\">\n\t\t\t\t\t<h2 class=\"elementor-heading-title elementor-size-default\">Pototzki<\/h2>\t\t\t\t<\/div>\n\t\t\t\t<div class=\"elementor-element elementor-element-441cb644 elementor-widget-divider--view-line elementor-widget elementor-widget-divider\" data-id=\"441cb644\" data-element_type=\"widget\" data-e-type=\"widget\" data-widget_type=\"divider.default\">\n\t\t\t\t\t\t\t<div class=\"elementor-divider\">\n\t\t\t<span class=\"elementor-divider-separator\">\n\t\t\t\t\t\t<\/span>\n\t\t<\/div>\n\t\t\t\t\t\t<\/div>\n\t\t\t\t<div class=\"elementor-element elementor-element-3bc60f84 elementor-widget elementor-widget-heading\" data-id=\"3bc60f84\" data-element_type=\"widget\" data-e-type=\"widget\" data-widget_type=\"heading.default\">\n\t\t\t\t\t<h2 class=\"elementor-heading-title elementor-size-default\">Ceo \/ Founder<\/h2>\t\t\t\t<\/div>\n\t\t\t\t\t<\/div>\n\t\t<\/div>\n\t\t\t\t\t<\/div>\n\t\t<\/section>\n\t\t\t\t\t<\/div>\n\t\t<\/div>\n\t\t\t\t<div class=\"elementor-column elementor-col-33 elementor-top-column elementor-element elementor-element-3c940fb\" data-id=\"3c940fb\" data-element_type=\"column\" data-e-type=\"column\">\n\t\t\t<div class=\"elementor-widget-wrap\">\n\t\t\t\t\t\t\t<\/div>\n\t\t<\/div>\n\t\t\t\t\t<\/div>\n\t\t<\/section>\n\t\t\t\t<section class=\"elementor-section elementor-top-section elementor-element elementor-element-12254de6 elementor-section-boxed elementor-section-height-default elementor-section-height-default\" data-id=\"12254de6\" data-element_type=\"section\" data-e-type=\"section\">\n\t\t\t\t\t\t<div class=\"elementor-container elementor-column-gap-default\">\n\t\t\t\t\t<div class=\"elementor-column elementor-col-33 elementor-top-column elementor-element elementor-element-6fad8a1d\" data-id=\"6fad8a1d\" data-element_type=\"column\" data-e-type=\"column\" data-settings=\"{&quot;background_background&quot;:&quot;classic&quot;}\">\n\t\t\t<div class=\"elementor-widget-wrap\">\n\t\t\t\t\t\t\t<\/div>\n\t\t<\/div>\n\t\t\t\t<div class=\"elementor-column elementor-col-33 elementor-top-column elementor-element elementor-element-47d5f6fd\" data-id=\"47d5f6fd\" data-element_type=\"column\" data-e-type=\"column\">\n\t\t\t<div class=\"elementor-widget-wrap\">\n\t\t\t\t\t\t\t<\/div>\n\t\t<\/div>\n\t\t\t\t<div class=\"elementor-column elementor-col-33 elementor-top-column elementor-element elementor-element-1d037869\" data-id=\"1d037869\" data-element_type=\"column\" data-e-type=\"column\">\n\t\t\t<div class=\"elementor-widget-wrap\">\n\t\t\t\t\t\t\t<\/div>\n\t\t<\/div>\n\t\t\t\t\t<\/div>\n\t\t<\/section>\n\t\t\t\t<\/div>","protected":false},"excerpt":{"rendered":"<p>Unsere Philosophie HexLeaf Studio steht f\u00fcr durchdachtes Gameplay, klare Spielmechaniken und eigenst\u00e4ndige Welten. Jedes Projekt beginnt mit einer zentralen Idee und der Frage, wie Entscheidungen, Systeme und Spielgef\u00fchl sinnvoll ineinandergreifen. Ziel ist es, Spiele zu entwickeln, die fordern, belohnen und nicht nach wenigen Stunden alles preisgeben. Kreativ Innovativ Leidenschaft Previewbild von Bannerrush 1 Durchdachtes Gameplay [&hellip;]<\/p>","protected":false},"author":1,"featured_media":0,"parent":0,"menu_order":0,"comment_status":"closed","ping_status":"closed","template":"","meta":{"footnotes":""},"class_list":["post-231","page","type-page","status-publish","hentry"],"_links":{"self":[{"href":"https:\/\/hexleaf.studio\/en\/wp-json\/wp\/v2\/pages\/231","targetHints":{"allow":["GET"]}}],"collection":[{"href":"https:\/\/hexleaf.studio\/en\/wp-json\/wp\/v2\/pages"}],"about":[{"href":"https:\/\/hexleaf.studio\/en\/wp-json\/wp\/v2\/types\/page"}],"author":[{"embeddable":true,"href":"https:\/\/hexleaf.studio\/en\/wp-json\/wp\/v2\/users\/1"}],"replies":[{"embeddable":true,"href":"https:\/\/hexleaf.studio\/en\/wp-json\/wp\/v2\/comments?post=231"}],"version-history":[{"count":50,"href":"https:\/\/hexleaf.studio\/en\/wp-json\/wp\/v2\/pages\/231\/revisions"}],"predecessor-version":[{"id":523,"href":"https:\/\/hexleaf.studio\/en\/wp-json\/wp\/v2\/pages\/231\/revisions\/523"}],"wp:attachment":[{"href":"https:\/\/hexleaf.studio\/en\/wp-json\/wp\/v2\/media?parent=231"}],"curies":[{"name":"wp","href":"https:\/\/api.w.org\/{rel}","templated":true}]}}